{"id":286,"date":"2022-04-01T09:52:10","date_gmt":"2022-04-01T09:52:10","guid":{"rendered":"https:\/\/www.stendervision.dk\/?page_id=286"},"modified":"2022-07-29T11:02:39","modified_gmt":"2022-07-29T11:02:39","slug":"cosp","status":"publish","type":"page","link":"https:\/\/www.stendervision.dk\/index.php\/cosp\/","title":{"rendered":"COSP"},"content":{"rendered":"\n<div class=\"wp-block-media-text alignwide is-stacked-on-mobile\" style=\"grid-template-columns:28% auto\"><figure class=\"wp-block-media-text__media\"><img decoding=\"async\" loading=\"lazy\" width=\"1024\" height=\"992\" src=\"https:\/\/www.stendervision.dk\/wp-content\/uploads\/2022\/04\/COSP_logo_open_green-1024x992.jpg\" alt=\"\" class=\"wp-image-287 size-full\" srcset=\"https:\/\/www.stendervision.dk\/wp-content\/uploads\/2022\/04\/COSP_logo_open_green-1024x992.jpg 1024w, https:\/\/www.stendervision.dk\/wp-content\/uploads\/2022\/04\/COSP_logo_open_green-300x290.jpg 300w, https:\/\/www.stendervision.dk\/wp-content\/uploads\/2022\/04\/COSP_logo_open_green-768x744.jpg 768w, https:\/\/www.stendervision.dk\/wp-content\/uploads\/2022\/04\/COSP_logo_open_green.jpg 1484w\" sizes=\"(max-width: 1024px) 100vw, 1024px\" \/><\/figure><div class=\"wp-block-media-text__content\">\n<p class=\"has-large-font-size\">Circle of security Parenting.     Tryghedscirklen.<\/p>\n<\/div><\/div>\n\n\n\n<p class=\"has-vivid-red-background-color has-background\">Opstart af kursusforl\u00f8b: uge 34<\/p>\n\n\n\n<figure class=\"wp-block-table is-style-regular\"><table><tbody><tr><td>HOLD A<\/td><td>ONSDAG (d. 24\/8 f\u00f8rste modul)       LUKKET FOR TILMELDING !<\/td><td>KL: 10-12<\/td><td>0 PLADSER<\/td><\/tr><tr><td>HOLD B<\/td><td>TORSDAG (d. 25\/8 f\u00f8rste modul)<\/td><td>KL 10-12<\/td><td>8 PLADSER<\/td><\/tr><\/tbody><\/table><figcaption>tilmeldingsfrist d. 1\/8 &#8211; 2022<\/figcaption><\/figure>\n\n\n\n<p>Kurset l\u00f8ber over 10 uger (Ingen kursusdel i uge 42 pga. efter\u00e5rsferie)<\/p>\n\n\n\n<p>Kurset afholdes p\u00e5 Tj\u00f8rnevangen 2 &#8211; 4070 Kirke Hyllinge<\/p>\n\n\n\n<p>Der vil blive serveret te, kaffe og vand, og lidt s\u00f8dt til hjernen.<\/p>\n\n\n\n<ul><li>Samlet pris for alle 8 pladser: 21.000kr ekskl. moms &#8211; 26.250kr inkl. moms<\/li><\/ul>\n\n\n\n<ul><li>Pris enkelt (pr. person), i grupper af 8 deltagere, er 3.300kr inkl. moms<\/li><\/ul>\n\n\n\n<p class=\"has-vivid-red-background-color has-background\">TILMELDING VIA MAIL : KONTAKT@STENDERVISION.DK<\/p>\n\n\n\n<figure class=\"wp-block-image size-large\"><img decoding=\"async\" loading=\"lazy\" width=\"1024\" height=\"585\" src=\"https:\/\/www.stendervision.dk\/wp-content\/uploads\/2022\/01\/Mor-Logo-Faerdig12459-1024x585.jpg\" alt=\"\" class=\"wp-image-193\" srcset=\"https:\/\/www.stendervision.dk\/wp-content\/uploads\/2022\/01\/Mor-Logo-Faerdig12459-1024x585.jpg 1024w, https:\/\/www.stendervision.dk\/wp-content\/uploads\/2022\/01\/Mor-Logo-Faerdig12459-300x171.jpg 300w, https:\/\/www.stendervision.dk\/wp-content\/uploads\/2022\/01\/Mor-Logo-Faerdig12459-768x439.jpg 768w, https:\/\/www.stendervision.dk\/wp-content\/uploads\/2022\/01\/Mor-Logo-Faerdig12459.jpg 1050w\" sizes=\"(max-width: 1024px) 100vw, 1024px\" \/><\/figure>\n\n\n\n<p>Vil I g\u00e5 p\u00e5 opdagelse i for\u00e6ldrerollen\/plejefor\u00e6ldrerollen.<\/p>\n\n\n\n<p>Vil I blive klogere p\u00e5 jeres barn\/plejebarn.<\/p>\n\n\n\n<p>S\u00e5 er et COSP forl\u00f8b noget for jer. <\/p>\n\n\n\n<p>Forl\u00f8bet varer 10 uger af 10 sessioner for grupper. Vi ses alts\u00e5 \u00e9n gang om ugen &#8211; i cirka 2 timer.<\/p>\n\n\n\n<p>For individuelt forl\u00f8b ses vi 8 gange af 2 timer.<\/p>\n\n\n\n<p>Her er en lille video som kort fort\u00e6ller hvorfor I skal v\u00e6lge COSP<\/p>\n\n\n\n<figure class=\"wp-block-video\"><video controls src=\"https:\/\/www.stendervision.dk\/wp-content\/uploads\/2022\/04\/Why-COSP\u2122_-A-Path-to-Good-Enough.mp4\"><\/video><figcaption>Jeg faciliterer p\u00e5 dansk !<\/figcaption><\/figure>\n\n\n\n<p class=\"has-light-green-cyan-background-color has-background\">Stendervision tilbyder<\/p>\n\n\n\n<ul class=\"has-light-green-cyan-background-color has-background\"><li>COSP forl\u00f8b individuelt (\u00e9n familie)     <\/li><li>COSP forl\u00f8b gruppe af 8 deltagere     <\/li><\/ul>\n\n\n\n<p>Opstart medio August. Hold \u00f8je med hjemmesiden eller Facebook for tilmelding.<\/p>\n\n\n\n<div class=\"wp-block-image\"><figure class=\"alignleft is-resized\"><img decoding=\"async\" loading=\"lazy\" src=\"https:\/\/www.stendervision.dk\/wp-content\/uploads\/2022\/04\/IMG_2764-scaled-e1649073592739-1024x806.jpg\" alt=\"\" class=\"wp-image-297\" width=\"501\" height=\"394\" srcset=\"https:\/\/www.stendervision.dk\/wp-content\/uploads\/2022\/04\/IMG_2764-scaled-e1649073592739-1024x806.jpg 1024w, https:\/\/www.stendervision.dk\/wp-content\/uploads\/2022\/04\/IMG_2764-scaled-e1649073592739-300x236.jpg 300w, https:\/\/www.stendervision.dk\/wp-content\/uploads\/2022\/04\/IMG_2764-scaled-e1649073592739-768x604.jpg 768w, https:\/\/www.stendervision.dk\/wp-content\/uploads\/2022\/04\/IMG_2764-scaled-e1649073592739-1536x1208.jpg 1536w, https:\/\/www.stendervision.dk\/wp-content\/uploads\/2022\/04\/IMG_2764-scaled-e1649073592739-2048x1611.jpg 2048w, https:\/\/www.stendervision.dk\/wp-content\/uploads\/2022\/04\/IMG_2764-scaled-e1649073592739-2000x1573.jpg 2000w\" sizes=\"(max-width: 501px) 100vw, 501px\" \/><\/figure><\/div>\n\n\n\n<div class=\"wp-block-image\"><figure class=\"alignleft is-resized\"><img decoding=\"async\" loading=\"lazy\" src=\"https:\/\/www.stendervision.dk\/wp-content\/uploads\/2022\/01\/Mor-Logo-Faerdig12459.jpg\" alt=\"\" class=\"wp-image-193\" width=\"307\" height=\"175\" srcset=\"https:\/\/www.stendervision.dk\/wp-content\/uploads\/2022\/01\/Mor-Logo-Faerdig12459.jpg 1050w, https:\/\/www.stendervision.dk\/wp-content\/uploads\/2022\/01\/Mor-Logo-Faerdig12459-300x171.jpg 300w, https:\/\/www.stendervision.dk\/wp-content\/uploads\/2022\/01\/Mor-Logo-Faerdig12459-1024x585.jpg 1024w, https:\/\/www.stendervision.dk\/wp-content\/uploads\/2022\/01\/Mor-Logo-Faerdig12459-768x439.jpg 768w\" sizes=\"(max-width: 307px) 100vw, 307px\" \/><\/figure><\/div>\n\n\n\n<div class=\"wp-block-image\"><figure class=\"alignleft is-resized\"><img decoding=\"async\" loading=\"lazy\" src=\"https:\/\/www.stendervision.dk\/wp-content\/uploads\/2022\/04\/IMG_2659.png\" alt=\"\" class=\"wp-image-302\" width=\"138\" height=\"299\" srcset=\"https:\/\/www.stendervision.dk\/wp-content\/uploads\/2022\/04\/IMG_2659.png 828w, https:\/\/www.stendervision.dk\/wp-content\/uploads\/2022\/04\/IMG_2659-139x300.png 139w, https:\/\/www.stendervision.dk\/wp-content\/uploads\/2022\/04\/IMG_2659-473x1024.png 473w, https:\/\/www.stendervision.dk\/wp-content\/uploads\/2022\/04\/IMG_2659-768x1662.png 768w, https:\/\/www.stendervision.dk\/wp-content\/uploads\/2022\/04\/IMG_2659-710x1536.png 710w\" sizes=\"(max-width: 138px) 100vw, 138px\" \/><\/figure><\/div>\n\n\n\n<p><\/p>\n","protected":false},"excerpt":{"rendered":"<p>Circle of security Parenting. Tryghedscirklen. Opstart af kursusforl\u00f8b: uge 34 HOLD A ONSDAG (d. 24\/8 f\u00f8rste modul) LUKKET FOR TILMELDING ! KL: 10-12 0 PLADSER HOLD B TORSDAG (d. 25\/8 f\u00f8rste modul) KL 10-12 8 PLADSER tilmeldingsfrist d. 1\/8 &#8211; 2022 Kurset l\u00f8ber over 10 uger (Ingen kursusdel i uge 42 pga. efter\u00e5rsferie) Kurset afholdes &hellip; <\/p>\n<p class=\"link-more\"><a href=\"https:\/\/www.stendervision.dk\/index.php\/cosp\/\" class=\"more-link\">L\u00e6s mere<span class=\"screen-reader-text\"> \u201cCOSP\u201d<\/span><\/a><\/p>\n","protected":false},"author":1,"featured_media":0,"parent":0,"menu_order":0,"comment_status":"closed","ping_status":"closed","template":"","meta":[],"_links":{"self":[{"href":"https:\/\/www.stendervision.dk\/index.php\/wp-json\/wp\/v2\/pages\/286"}],"collection":[{"href":"https:\/\/www.stendervision.dk\/index.php\/wp-json\/wp\/v2\/pages"}],"about":[{"href":"https:\/\/www.stendervision.dk\/index.php\/wp-json\/wp\/v2\/types\/page"}],"author":[{"embeddable":true,"href":"https:\/\/www.stendervision.dk\/index.php\/wp-json\/wp\/v2\/users\/1"}],"replies":[{"embeddable":true,"href":"https:\/\/www.stendervision.dk\/index.php\/wp-json\/wp\/v2\/comments?post=286"}],"version-history":[{"count":10,"href":"https:\/\/www.stendervision.dk\/index.php\/wp-json\/wp\/v2\/pages\/286\/revisions"}],"predecessor-version":[{"id":335,"href":"https:\/\/www.stendervision.dk\/index.php\/wp-json\/wp\/v2\/pages\/286\/revisions\/335"}],"wp:attachment":[{"href":"https:\/\/www.stendervision.dk\/index.php\/wp-json\/wp\/v2\/media?parent=286"}],"curies":[{"name":"wp","href":"https:\/\/api.w.org\/{rel}","templated":true}]}}