{"id":240,"date":"2022-02-05T14:49:15","date_gmt":"2022-02-05T14:49:15","guid":{"rendered":"https:\/\/www.stendervision.dk\/?page_id=240"},"modified":"2022-02-14T16:17:49","modified_gmt":"2022-02-14T16:17:49","slug":"undervisning","status":"publish","type":"page","link":"https:\/\/www.stendervision.dk\/index.php\/undervisning\/","title":{"rendered":"Undervisning"},"content":{"rendered":"\n<p>Undervisning tilbyder jeg til plejefamilier, b\u00f8rnefamilier og specialtilbud, der har b\u00f8rn med autisme <\/p>\n\n\n\n<p>Mit fokus er p\u00e5 hvordan hverdagen bliver bedst for b\u00e5de voksne og b\u00f8rn. <\/p>\n\n\n\n<p>Jeg har stor viden indenfor autisme og de udfordringer det medf\u00f8rer. Jeg har to drenge med autisme, og de har igennem \u00e5rerne l\u00e6rt mig meget om, hvordan vi skal v\u00e6re sammen for vi alle trives.<\/p>\n\n\n\n<p class=\"has-vivid-green-cyan-background-color has-background\">Stendervision tilbyder <\/p>\n\n\n\n<ul class=\"has-vivid-green-cyan-background-color has-background\"><li>S\u00e5dan finder vi hinanden.                       &#8211; Mit barn er inde i en boble.                   &#8211; Jeg kan ikke f\u00e5 \u00f8jenkontakt med mit barn.                                                       &#8211; Hvad kan du g\u00f8re n\u00e5r dit barn ikke vil dine initiativer.                                         &#8211; Hvad kan jeg lave sammen med mit barn.<\/li><li>Kontakten til verden.                        &#8211; Folk tror mit barn er uopdragen.    &#8211; Vores familie synes vi er besv\u00e6rlige.                                      &#8211; Hvis kommunikationen er sv\u00e6r, med skole\/b\u00f8rnehave, hos l\u00e6gen, eller med naboen. <\/li><li>Vi, for\u00e6ldre, ser tingene forskelligt<\/li><\/ul>\n\n\n\n<figure class=\"is-layout-flex wp-block-gallery-1 wp-block-gallery has-nested-images columns-default is-cropped\">\n<figure class=\"wp-block-image size-large\"><img decoding=\"async\" loading=\"lazy\" width=\"421\" height=\"640\" data-id=\"256\"  src=\"https:\/\/www.stendervision.dk\/wp-content\/uploads\/2022\/02\/billed-James.jpg\" alt=\"\" class=\"wp-image-256\" srcset=\"https:\/\/www.stendervision.dk\/wp-content\/uploads\/2022\/02\/billed-James.jpg 421w, https:\/\/www.stendervision.dk\/wp-content\/uploads\/2022\/02\/billed-James-197x300.jpg 197w\" sizes=\"(max-width: 421px) 100vw, 421px\" \/><\/figure>\n\n\n\n<figure class=\"wp-block-image size-large\"><img decoding=\"async\" loading=\"lazy\" width=\"1050\" height=\"600\" data-id=\"193\"  src=\"https:\/\/www.stendervision.dk\/wp-content\/uploads\/2022\/01\/Mor-Logo-Faerdig12459.jpg\" alt=\"\" class=\"wp-image-193\" srcset=\"https:\/\/www.stendervision.dk\/wp-content\/uploads\/2022\/01\/Mor-Logo-Faerdig12459.jpg 1050w, https:\/\/www.stendervision.dk\/wp-content\/uploads\/2022\/01\/Mor-Logo-Faerdig12459-300x171.jpg 300w, https:\/\/www.stendervision.dk\/wp-content\/uploads\/2022\/01\/Mor-Logo-Faerdig12459-1024x585.jpg 1024w, https:\/\/www.stendervision.dk\/wp-content\/uploads\/2022\/01\/Mor-Logo-Faerdig12459-768x439.jpg 768w\" sizes=\"(max-width: 1050px) 100vw, 1050px\" \/><\/figure>\n\n\n\n<figure class=\"wp-block-image size-large\"><img decoding=\"async\" loading=\"lazy\" width=\"660\" height=\"961\" data-id=\"130\"  src=\"https:\/\/www.stendervision.dk\/wp-content\/uploads\/2022\/01\/IMG_1859.jpg\" alt=\"\" class=\"wp-image-130\" srcset=\"https:\/\/www.stendervision.dk\/wp-content\/uploads\/2022\/01\/IMG_1859.jpg 660w, https:\/\/www.stendervision.dk\/wp-content\/uploads\/2022\/01\/IMG_1859-206x300.jpg 206w\" sizes=\"(max-width: 660px) 100vw, 660px\" \/><\/figure>\n<\/figure>\n","protected":false},"excerpt":{"rendered":"<p>Undervisning tilbyder jeg til plejefamilier, b\u00f8rnefamilier og specialtilbud, der har b\u00f8rn med autisme Mit fokus er p\u00e5 hvordan hverdagen bliver bedst for b\u00e5de voksne og b\u00f8rn. Jeg har stor viden indenfor autisme og de udfordringer det medf\u00f8rer. Jeg har to drenge med autisme, og de har igennem \u00e5rerne l\u00e6rt mig meget om, hvordan vi skal &hellip; <\/p>\n<p class=\"link-more\"><a href=\"https:\/\/www.stendervision.dk\/index.php\/undervisning\/\" class=\"more-link\">L\u00e6s mere<span class=\"screen-reader-text\"> \u201cUndervisning\u201d<\/span><\/a><\/p>\n","protected":false},"author":1,"featured_media":0,"parent":0,"menu_order":0,"comment_status":"closed","ping_status":"closed","template":"","meta":[],"_links":{"self":[{"href":"https:\/\/www.stendervision.dk\/index.php\/wp-json\/wp\/v2\/pages\/240"}],"collection":[{"href":"https:\/\/www.stendervision.dk\/index.php\/wp-json\/wp\/v2\/pages"}],"about":[{"href":"https:\/\/www.stendervision.dk\/index.php\/wp-json\/wp\/v2\/types\/page"}],"author":[{"embeddable":true,"href":"https:\/\/www.stendervision.dk\/index.php\/wp-json\/wp\/v2\/users\/1"}],"replies":[{"embeddable":true,"href":"https:\/\/www.stendervision.dk\/index.php\/wp-json\/wp\/v2\/comments?post=240"}],"version-history":[{"count":10,"href":"https:\/\/www.stendervision.dk\/index.php\/wp-json\/wp\/v2\/pages\/240\/revisions"}],"predecessor-version":[{"id":308,"href":"https:\/\/www.stendervision.dk\/index.php\/wp-json\/wp\/v2\/pages\/240\/revisions\/308"}],"wp:attachment":[{"href":"https:\/\/www.stendervision.dk\/index.php\/wp-json\/wp\/v2\/media?parent=240"}],"curies":[{"name":"wp","href":"https:\/\/api.w.org\/{rel}","templated":true}]}}