{"id":236,"date":"2022-02-05T14:48:13","date_gmt":"2022-02-05T14:48:13","guid":{"rendered":"https:\/\/www.stendervision.dk\/?page_id=236"},"modified":"2022-04-04T12:27:51","modified_gmt":"2022-04-04T12:27:51","slug":"supervision","status":"publish","type":"page","link":"https:\/\/www.stendervision.dk\/index.php\/supervision\/","title":{"rendered":"Supervision"},"content":{"rendered":"\n<p>Supervision er for alle, der har en faglig udfordring.<\/p>\n\n\n\n<p>Der kan v\u00e6re personlige emner og udfordringer, der bedst belyses i \u00e9n til \u00e9n supervision, men det kan ogs\u00e5 v\u00e6re  gruppe supervision hvis teamet har en f\u00e6lles udfordring. <\/p>\n\n\n\n<p> <\/p>\n\n\n\n<p class=\"has-pale-cyan-blue-background-color has-background\">Stendervision tilbyder<\/p>\n\n\n\n<ul class=\"has-pale-cyan-blue-background-color has-background\"><li>individuel-supervision               <\/li><li>gruppe-supervision af max 8 pers. <\/li><li>kollegial-supervision             <\/li><\/ul>\n\n\n\n<p>Jeg superviserer indenfor det narrative. Jeg ser stor v\u00e6rdi i at belyse, hvordan vi ser vores omgivelser, b\u00e5de de indre og de ydre.  <\/p>\n\n\n\n<p>Hvad fort\u00e6ller vi os selv om det vi oplever og hvad g\u00f8r det ved os.<\/p>\n\n\n\n<p>Der kan ogs\u00e5 ligge noget i det eksistentielle som begr\u00e6nser os, men ved hj\u00e6lp af forskellige supervisionsmodeller, kan vi sammen l\u00f8se knuder og skabe nyt overskud.<\/p>\n\n\n\n<figure class=\"is-layout-flex wp-block-gallery-1 wp-block-gallery has-nested-images columns-default is-cropped\">\n<figure class=\"wp-block-image size-large\"><img decoding=\"async\" loading=\"lazy\" width=\"1920\" height=\"2560\" data-id=\"209\"  src=\"https:\/\/www.stendervision.dk\/wp-content\/uploads\/2022\/01\/supervision-bedst-scaled.jpeg\" alt=\"\" class=\"wp-image-209\" srcset=\"https:\/\/www.stendervision.dk\/wp-content\/uploads\/2022\/01\/supervision-bedst-scaled.jpeg 1920w, https:\/\/www.stendervision.dk\/wp-content\/uploads\/2022\/01\/supervision-bedst-225x300.jpeg 225w, https:\/\/www.stendervision.dk\/wp-content\/uploads\/2022\/01\/supervision-bedst-768x1024.jpeg 768w, https:\/\/www.stendervision.dk\/wp-content\/uploads\/2022\/01\/supervision-bedst-1152x1536.jpeg 1152w, https:\/\/www.stendervision.dk\/wp-content\/uploads\/2022\/01\/supervision-bedst-1536x2048.jpeg 1536w, https:\/\/www.stendervision.dk\/wp-content\/uploads\/2022\/01\/supervision-bedst-2000x2667.jpeg 2000w\" sizes=\"(max-width: 1920px) 100vw, 1920px\" \/><\/figure>\n\n\n\n<figure class=\"wp-block-image size-large\"><img decoding=\"async\" loading=\"lazy\" width=\"1050\" height=\"600\" data-id=\"193\"  src=\"https:\/\/www.stendervision.dk\/wp-content\/uploads\/2022\/01\/Mor-Logo-Faerdig12459.jpg\" alt=\"\" class=\"wp-image-193\" srcset=\"https:\/\/www.stendervision.dk\/wp-content\/uploads\/2022\/01\/Mor-Logo-Faerdig12459.jpg 1050w, https:\/\/www.stendervision.dk\/wp-content\/uploads\/2022\/01\/Mor-Logo-Faerdig12459-300x171.jpg 300w, https:\/\/www.stendervision.dk\/wp-content\/uploads\/2022\/01\/Mor-Logo-Faerdig12459-1024x585.jpg 1024w, https:\/\/www.stendervision.dk\/wp-content\/uploads\/2022\/01\/Mor-Logo-Faerdig12459-768x439.jpg 768w\" sizes=\"(max-width: 1050px) 100vw, 1050px\" \/><\/figure>\n\n\n\n<figure class=\"wp-block-image size-large\"><img decoding=\"async\" loading=\"lazy\" width=\"977\" height=\"1024\" data-id=\"291\"  src=\"https:\/\/www.stendervision.dk\/wp-content\/uploads\/2022\/04\/IMG_2600-977x1024.jpg\" alt=\"\" class=\"wp-image-291\" srcset=\"https:\/\/www.stendervision.dk\/wp-content\/uploads\/2022\/04\/IMG_2600-977x1024.jpg 977w, https:\/\/www.stendervision.dk\/wp-content\/uploads\/2022\/04\/IMG_2600-286x300.jpg 286w, https:\/\/www.stendervision.dk\/wp-content\/uploads\/2022\/04\/IMG_2600-768x805.jpg 768w, https:\/\/www.stendervision.dk\/wp-content\/uploads\/2022\/04\/IMG_2600-1465x1536.jpg 1465w, https:\/\/www.stendervision.dk\/wp-content\/uploads\/2022\/04\/IMG_2600-1953x2048.jpg 1953w, https:\/\/www.stendervision.dk\/wp-content\/uploads\/2022\/04\/IMG_2600-2000x2097.jpg 2000w\" sizes=\"(max-width: 977px) 100vw, 977px\" \/><\/figure>\n<\/figure>\n","protected":false},"excerpt":{"rendered":"<p>Supervision er for alle, der har en faglig udfordring. Der kan v\u00e6re personlige emner og udfordringer, der bedst belyses i \u00e9n til \u00e9n supervision, men det kan ogs\u00e5 v\u00e6re gruppe supervision hvis teamet har en f\u00e6lles udfordring. Stendervision tilbyder individuel-supervision gruppe-supervision af max 8 pers. kollegial-supervision Jeg superviserer indenfor det narrative. Jeg ser stor v\u00e6rdi &hellip; <\/p>\n<p class=\"link-more\"><a href=\"https:\/\/www.stendervision.dk\/index.php\/supervision\/\" class=\"more-link\">L\u00e6s mere<span class=\"screen-reader-text\"> \u201cSupervision\u201d<\/span><\/a><\/p>\n","protected":false},"author":1,"featured_media":0,"parent":0,"menu_order":0,"comment_status":"closed","ping_status":"closed","template":"","meta":[],"_links":{"self":[{"href":"https:\/\/www.stendervision.dk\/index.php\/wp-json\/wp\/v2\/pages\/236"}],"collection":[{"href":"https:\/\/www.stendervision.dk\/index.php\/wp-json\/wp\/v2\/pages"}],"about":[{"href":"https:\/\/www.stendervision.dk\/index.php\/wp-json\/wp\/v2\/types\/page"}],"author":[{"embeddable":true,"href":"https:\/\/www.stendervision.dk\/index.php\/wp-json\/wp\/v2\/users\/1"}],"replies":[{"embeddable":true,"href":"https:\/\/www.stendervision.dk\/index.php\/wp-json\/wp\/v2\/comments?post=236"}],"version-history":[{"count":10,"href":"https:\/\/www.stendervision.dk\/index.php\/wp-json\/wp\/v2\/pages\/236\/revisions"}],"predecessor-version":[{"id":312,"href":"https:\/\/www.stendervision.dk\/index.php\/wp-json\/wp\/v2\/pages\/236\/revisions\/312"}],"wp:attachment":[{"href":"https:\/\/www.stendervision.dk\/index.php\/wp-json\/wp\/v2\/media?parent=236"}],"curies":[{"name":"wp","href":"https:\/\/api.w.org\/{rel}","templated":true}]}}