{"id":2,"date":"2021-11-30T17:09:15","date_gmt":"2021-11-30T17:09:15","guid":{"rendered":"http:\/\/www.stendervision.dk\/?page_id=2"},"modified":"2022-06-03T15:14:30","modified_gmt":"2022-06-03T15:14:30","slug":"sample-page","status":"publish","type":"page","link":"https:\/\/www.stendervision.dk\/","title":{"rendered":"VELKOMMEN TIL STENDERVISION"},"content":{"rendered":"\n<figure class=\"wp-block-pullquote has-black-color has-blush-bordeaux-gradient-background has-text-color has-background\"><blockquote><p>S\u00c5 ER COSP KURSUSDATOER KLAR.<\/p><p>Klik p\u00e5 COSP-fanen og se mere<\/p><cite>Jeg gl\u00e6der mig til vi ses <\/cite><\/blockquote><\/figure>\n\n\n\n<p>Stendervision er supervision, COSP,  undervisning og r\u00e5dgivning.<\/p>\n\n\n\n<p>Det er et roligt og trygt rum med samtaler om stort og sm\u00e5t. plads til refleksion, individuelt eller i grupper.<\/p>\n\n\n\n<p>Jeg er certificeret supervisor. Uddannet fra Dansk NLP Institut.<\/p>\n\n\n\n<p>Jeg er certificeret COSP vejleder.<\/p>\n\n\n\n<div class=\"wp-block-media-text alignwide is-stacked-on-mobile\" style=\"grid-template-columns:34% auto\"><figure class=\"wp-block-media-text__media\"><img decoding=\"async\" loading=\"lazy\" width=\"1024\" height=\"992\" src=\"https:\/\/www.stendervision.dk\/wp-content\/uploads\/2022\/04\/COSP_logo_open_green-1-1024x992.jpg\" alt=\"\" class=\"wp-image-295 size-full\" srcset=\"https:\/\/www.stendervision.dk\/wp-content\/uploads\/2022\/04\/COSP_logo_open_green-1-1024x992.jpg 1024w, https:\/\/www.stendervision.dk\/wp-content\/uploads\/2022\/04\/COSP_logo_open_green-1-300x290.jpg 300w, https:\/\/www.stendervision.dk\/wp-content\/uploads\/2022\/04\/COSP_logo_open_green-1-768x744.jpg 768w, https:\/\/www.stendervision.dk\/wp-content\/uploads\/2022\/04\/COSP_logo_open_green-1.jpg 1484w\" sizes=\"(max-width: 1024px) 100vw, 1024px\" \/><\/figure><div class=\"wp-block-media-text__content\">\n<p class=\"has-pale-cyan-blue-background-color has-background has-medium-font-size\">COSP, Circle of security Parenting. NYT hos Stendervision. Jeg anbefaler virkelig at I lige klikker p\u00e5 fanen \u00f8verst og ser n\u00e6rmere. Det er et &#8220;must have&#8221; for alle b\u00f8rnefamilier. Jeg vil meget dele det med jer og hvis I har sp\u00f8rgsm\u00e5l inden i tilmelder jer, er I meget velkomne til at kontakte mig. Der vil v\u00e6re opstart af grupper medio August &#8211; efter sommerferien. Hvis I er en enkelt familie s\u00e5 kontakt mig, s\u00e5 finder vi en tid til et forl\u00f8b til jer.<\/p>\n\n\n\n<p><\/p>\n<\/div><\/div>\n\n\n\n<p><\/p>\n\n\n\n<div class=\"wp-block-media-text alignwide has-media-on-the-right is-stacked-on-mobile is-vertically-aligned-center\" style=\"grid-template-columns:auto 31%\"><figure class=\"wp-block-media-text__media\"><img decoding=\"async\" loading=\"lazy\" width=\"768\" height=\"1024\" src=\"http:\/\/www.stendervision.dk\/wp-content\/uploads\/2022\/01\/supervision-bedst-768x1024.jpeg\" alt=\"\" class=\"wp-image-209 size-full\" srcset=\"https:\/\/www.stendervision.dk\/wp-content\/uploads\/2022\/01\/supervision-bedst-768x1024.jpeg 768w, https:\/\/www.stendervision.dk\/wp-content\/uploads\/2022\/01\/supervision-bedst-225x300.jpeg 225w, https:\/\/www.stendervision.dk\/wp-content\/uploads\/2022\/01\/supervision-bedst-1152x1536.jpeg 1152w, https:\/\/www.stendervision.dk\/wp-content\/uploads\/2022\/01\/supervision-bedst-1536x2048.jpeg 1536w, https:\/\/www.stendervision.dk\/wp-content\/uploads\/2022\/01\/supervision-bedst-2000x2667.jpeg 2000w, https:\/\/www.stendervision.dk\/wp-content\/uploads\/2022\/01\/supervision-bedst-scaled.jpeg 1920w\" sizes=\"(max-width: 768px) 100vw, 768px\" \/><\/figure><div class=\"wp-block-media-text__content\">\n<p class=\"has-large-font-size\">Jeg gl\u00e6der mig til at m\u00f8de jer <\/p>\n<\/div><\/div>\n\n\n\n<p>Lad mig v\u00e6re der for jer n\u00e5r I m\u00e6rker skuldrene har sv\u00e6rt ved at komme ned. Nogen gange skal ventilen bare lettes lidt, andre gange skal vi m\u00e5ske bruge lidt mere tid sammen, men jeg er klar. <\/p>\n\n\n\n<p> <\/p>\n\n\n\n<div class=\"wp-block-image\"><figure class=\"aligncenter size-large is-resized\"><img decoding=\"async\" loading=\"lazy\" src=\"https:\/\/www.stendervision.dk\/wp-content\/uploads\/2022\/01\/Mor-Logo-Faerdig12459-1024x585.jpg\" alt=\"\" class=\"wp-image-193\" width=\"202\" height=\"115\" srcset=\"https:\/\/www.stendervision.dk\/wp-content\/uploads\/2022\/01\/Mor-Logo-Faerdig12459-1024x585.jpg 1024w, https:\/\/www.stendervision.dk\/wp-content\/uploads\/2022\/01\/Mor-Logo-Faerdig12459-300x171.jpg 300w, https:\/\/www.stendervision.dk\/wp-content\/uploads\/2022\/01\/Mor-Logo-Faerdig12459-768x439.jpg 768w, https:\/\/www.stendervision.dk\/wp-content\/uploads\/2022\/01\/Mor-Logo-Faerdig12459.jpg 1050w\" sizes=\"(max-width: 202px) 100vw, 202px\" \/><figcaption>Stendervision v. Lilian Stender, Kirke Hyllinge<\/figcaption><\/figure><\/div>\n\n\n\n<div class=\"is-layout-flex wp-container-2 wp-block-columns are-vertically-aligned-top\">\n<div class=\"is-layout-flow wp-block-column is-vertically-aligned-top\" style=\"flex-basis:100%\"><\/div>\n<\/div>\n\n\n\n<p><\/p>\n","protected":false},"excerpt":{"rendered":"<p>S\u00c5 ER COSP KURSUSDATOER KLAR. Klik p\u00e5 COSP-fanen og se mere Jeg gl\u00e6der mig til vi ses Stendervision er supervision, COSP, undervisning og r\u00e5dgivning. Det er et roligt og trygt rum med samtaler om stort og sm\u00e5t. plads til refleksion, individuelt eller i grupper. Jeg er certificeret supervisor. Uddannet fra Dansk NLP Institut. Jeg er &hellip; <\/p>\n<p class=\"link-more\"><a href=\"https:\/\/www.stendervision.dk\/\" class=\"more-link\">L\u00e6s mere<span class=\"screen-reader-text\"> \u201cVELKOMMEN TIL STENDERVISION\u201d<\/span><\/a><\/p>\n","protected":false},"author":1,"featured_media":0,"parent":0,"menu_order":0,"comment_status":"closed","ping_status":"open","template":"","meta":[],"_links":{"self":[{"href":"https:\/\/www.stendervision.dk\/index.php\/wp-json\/wp\/v2\/pages\/2"}],"collection":[{"href":"https:\/\/www.stendervision.dk\/index.php\/wp-json\/wp\/v2\/pages"}],"about":[{"href":"https:\/\/www.stendervision.dk\/index.php\/wp-json\/wp\/v2\/types\/page"}],"author":[{"embeddable":true,"href":"https:\/\/www.stendervision.dk\/index.php\/wp-json\/wp\/v2\/users\/1"}],"replies":[{"embeddable":true,"href":"https:\/\/www.stendervision.dk\/index.php\/wp-json\/wp\/v2\/comments?post=2"}],"version-history":[{"count":54,"href":"https:\/\/www.stendervision.dk\/index.php\/wp-json\/wp\/v2\/pages\/2\/revisions"}],"predecessor-version":[{"id":330,"href":"https:\/\/www.stendervision.dk\/index.php\/wp-json\/wp\/v2\/pages\/2\/revisions\/330"}],"wp:attachment":[{"href":"https:\/\/www.stendervision.dk\/index.php\/wp-json\/wp\/v2\/media?parent=2"}],"curies":[{"name":"wp","href":"https:\/\/api.w.org\/{rel}","templated":true}]}}